{"id":471,"date":"2012-01-25T08:10:38","date_gmt":"2012-01-25T08:10:38","guid":{"rendered":"http:\/\/www.medienbuero.li\/?page_id=471"},"modified":"2021-11-22T16:16:35","modified_gmt":"2021-11-22T15:16:35","slug":"impressum","status":"publish","type":"page","link":"https:\/\/www.medienbuero.li\/?page_id=471","title":{"rendered":"Impressum"},"content":{"rendered":"<h1 style=\"color: #505046;\">Verantwortlich f\u00fcr Inhalt, Konzeption und Screendesign<\/h1>\n<p><strong>Medienbuero Oehri &amp; Kaiser AG<\/strong><br \/>\nEssanestrasse 116<br \/>\n9492 Eschen<br \/>\nFon 00423 375 90 00<br \/>\n<a href=\"mailto:info@medienbuero.li\">info@medienbuero.li<\/a><br \/>\n<strong>Vorstand<\/strong><br \/>\nHerbert Oehri<br \/>\nJohannes Kaiser<br \/>\nMwSt.-Nr.: 53280<br \/>\n\u00d6ffentlichkeitsregister Vaduz<br \/>\nReg.-Nr: FL-0001.528.581-0<br \/>\n\u00a9 Medienbuero Oehri &amp; Kaiser AG<br \/>\nAlle Rechte vorbehalten. Die auf der Website verwendeten Texte, Bilder, Grafiken, Dateien usw. unterliegen dem Urheberrecht und anderen Gesetzen zum Schutz des geistigen Eigentums. Ihre Weitergabe, Ver\u00e4nderung, gewerbliche Nutzung oder Verwendung in anderen Websites oder Medien ist nicht gestattet.<\/p>\n<h2>Hinweis<\/h2>\n<p>F\u00fcr Websites Dritter, auf die der Herausgeber durch sogenannte Links verweist, tragen die jeweiligen Anbieter die Verantwortung. Die Herausgeber sind f\u00fcr den Inhalt solcher Sites Dritter nicht verantwortlich. Des weiteren kann die Website des Herausgebers ohne dessen Wissen von anderen Websites mittels sogenannter Links angelinkt werden. Die Herausgeber \u00fcbernehmen keine Verantwortung f\u00fcr Darstellungen, Inhalt oder irgendeine Verbindung zur Parteigliederung des Herausgebers in Websites Dritter. F\u00fcr fremde Inhalte ist der Herausgeber nur dann verantwortlich, wenn er von ihnen (d.h. auch von einem rechtswidrigen oder strafbaren Inhalt) positive Kenntnis hat und es dem Herausgeber technisch m\u00f6glich und zumutbar ist, deren Nutzung zu verhindern. Der Herausgeber ist nach dem Teledienstgesetz jedoch nicht verpflichtet, die fremden Inhalte st\u00e4ndig zu \u00fcberpr\u00fcfen.<br \/>\nGoogle Analytics<br \/>\n\u00abDiese Website benutzt Google Analytics, einen Webanalysedienst der Google Inc. (Google). Google Analytics verwendet sog. Cookies, Textdateien, die auf Ihrem Computer gespeichert werden und die eine Analyse der Benutzung der Website durch Sie erm\u00f6glichen. Die durch den Cookie erzeugten Informationen \u00fcber Ihre Benutzung dieser Website (einschlie\u00dflich Ihrer IP-Adresse) wird an einen Server von Google in den USA \u00fcbertragen und dort gespeichert. Google wird diese Informationen benutzen, um Ihre Nutzung der Website auszuwerten, um Reports \u00fcber die Websiteaktivit\u00e4ten f\u00fcr die Websitebetreiber zusammenzustellen und um weitere mit der Websitenutzung und der Internetnutzung verbundene Dienstleistungen zu erbringen. Auch wird Google diese Informationen gegebenenfalls an Dritte \u00fcbertragen, sofern dies gesetzlich vorgeschrieben oder soweit Dritte diese Daten im Auftrag von Google verarbeiten. Google wird in keinem Fall Ihre IP-Adresse mit anderen Daten von Google in Verbindung bringen. Sie k\u00f6nnen die Installation der Cookies durch eine entsprechende Einstellung Ihrer Browser Software verhindern; wir weisen Sie jedoch darauf hin, dass Sie in diesem Fall gegebenenfalls nicht s\u00e4mtliche Funktionen dieser Website vollumf\u00e4nglich nutzen k\u00f6nnen. Durch die Nutzung dieser Website erkl\u00e4ren Sie sich mit der Bearbeitung der \u00fcber Sie erhobenen Daten durch Google in der zuvor beschriebenen Art und Weise und zu dem zuvor benannten Zweck einverstanden.\u00bb<\/p>\n","protected":false},"excerpt":{"rendered":"<p>Verantwortlich f\u00fcr Inhalt, Konzeption und Screendesign Medienbuero Oehri &amp; Kaiser AG Essanestrasse 116 9492 Eschen Fon 00423 375 90 00 info@medienbuero.li Vorstand Herbert Oehri Johannes Kaiser MwSt.-Nr.: 53280 \u00d6ffentlichkeitsregister Vaduz Reg.-Nr: FL-0001.528.581-0 \u00a9 Medienbuero Oehri &amp; Kaiser AG Alle Rechte vorbehalten. Die auf der Website verwendeten Texte, Bilder, Grafiken, Dateien usw. unterliegen dem Urheberrecht und anderen Gesetzen zum Schutz des geistigen Eigentums. Ihre Weitergabe, Ver\u00e4nderung,&#8230; <\/p>\n<p class=\"more\"><a class=\"more-link\" href=\"https:\/\/www.medienbuero.li\/?page_id=471\">Read More<\/a><\/p>\n","protected":false},"author":1,"featured_media":0,"parent":124,"menu_order":0,"comment_status":"closed","ping_status":"closed","template":"","meta":{"footnotes":""},"_links":{"self":[{"href":"https:\/\/www.medienbuero.li\/index.php?rest_route=\/wp\/v2\/pages\/471"}],"collection":[{"href":"https:\/\/www.medienbuero.li\/index.php?rest_route=\/wp\/v2\/pages"}],"about":[{"href":"https:\/\/www.medienbuero.li\/index.php?rest_route=\/wp\/v2\/types\/page"}],"author":[{"embeddable":true,"href":"https:\/\/www.medienbuero.li\/index.php?rest_route=\/wp\/v2\/users\/1"}],"replies":[{"embeddable":true,"href":"https:\/\/www.medienbuero.li\/index.php?rest_route=%2Fwp%2Fv2%2Fcomments&post=471"}],"version-history":[{"count":1,"href":"https:\/\/www.medienbuero.li\/index.php?rest_route=\/wp\/v2\/pages\/471\/revisions"}],"predecessor-version":[{"id":3933,"href":"https:\/\/www.medienbuero.li\/index.php?rest_route=\/wp\/v2\/pages\/471\/revisions\/3933"}],"up":[{"embeddable":true,"href":"https:\/\/www.medienbuero.li\/index.php?rest_route=\/wp\/v2\/pages\/124"}],"wp:attachment":[{"href":"https:\/\/www.medienbuero.li\/index.php?rest_route=%2Fwp%2Fv2%2Fmedia&parent=471"}],"curies":[{"name":"wp","href":"https:\/\/api.w.org\/{rel}","templated":true}]}}