{"id":117,"date":"2012-01-05T10:01:51","date_gmt":"2012-01-05T10:01:51","guid":{"rendered":"http:\/\/www.medienbuero.li\/?page_id=117"},"modified":"2024-05-04T02:35:47","modified_gmt":"2024-05-04T00:35:47","slug":"leistungen","status":"publish","type":"page","link":"https:\/\/www.medienbuero.li\/?page_id=117","title":{"rendered":"Leistungen"},"content":{"rendered":"\t\t<div data-elementor-type=\"wp-page\" data-elementor-id=\"117\" class=\"elementor elementor-117\" data-elementor-post-type=\"page\">\n\t\t\t\t\t\t<section class=\"elementor-section elementor-top-section elementor-element elementor-element-608e370a elementor-section-content-middle elementor-section-boxed elementor-section-height-default elementor-section-height-default\" data-id=\"608e370a\" data-element_type=\"section\">\n\t\t\t\t\t\t<div class=\"elementor-container elementor-column-gap-default\">\n\t\t\t\t\t<div class=\"elementor-column elementor-col-100 elementor-top-column elementor-element elementor-element-74881158\" data-id=\"74881158\" data-element_type=\"column\">\n\t\t\t<div class=\"elementor-widget-wrap elementor-element-populated\">\n\t\t\t\t\t\t<div class=\"elementor-element elementor-element-744f4f09 elementor-widget elementor-widget-heading\" data-id=\"744f4f09\" data-element_type=\"widget\" data-widget_type=\"heading.default\">\n\t\t\t\t<div class=\"elementor-widget-container\">\n\t\t\t<h4 class=\"elementor-heading-title elementor-size-default\">Strategie, Beratung und Realisierung<\/h4>\t\t<\/div>\n\t\t\t\t<\/div>\n\t\t\t\t<div class=\"elementor-element elementor-element-42d83b4a elementor-widget elementor-widget-heading\" data-id=\"42d83b4a\" data-element_type=\"widget\" data-widget_type=\"heading.default\">\n\t\t\t\t<div class=\"elementor-widget-container\">\n\t\t\t<h3 class=\"elementor-heading-title elementor-size-default\">Digitale und analoge Kommunikation ist vielschichtig und schnelllebig. Marketing, Technologie und Design verschmelzen und lassen sich nicht l\u00e4nger isoliert voneinander betrachten. Daher bieten wir unseren Kunden als interdisziplin\u00e4res Team ein breites Leistungsportfolio.<\/h3>\t\t<\/div>\n\t\t\t\t<\/div>\n\t\t\t\t\t<\/div>\n\t\t<\/div>\n\t\t\t\t\t<\/div>\n\t\t<\/section>\n\t\t\t\t<section class=\"elementor-section elementor-top-section elementor-element elementor-element-c93d5e8 elementor-section-content-middle elementor-reverse-tablet elementor-reverse-mobile elementor-section-boxed elementor-section-height-default elementor-section-height-default\" data-id=\"c93d5e8\" data-element_type=\"section\">\n\t\t\t\t\t\t<div class=\"elementor-container elementor-column-gap-default\">\n\t\t\t\t\t<div class=\"elementor-column elementor-col-50 elementor-top-column elementor-element elementor-element-d55554e elementor-invisible\" data-id=\"d55554e\" data-element_type=\"column\" data-settings=\"{&quot;animation&quot;:&quot;fadeInLeft&quot;}\">\n\t\t\t<div class=\"elementor-widget-wrap elementor-element-populated\">\n\t\t\t\t\t\t<div class=\"elementor-element elementor-element-445348b elementor-widget elementor-widget-heading\" data-id=\"445348b\" data-element_type=\"widget\" data-settings=\"{&quot;_animation&quot;:&quot;none&quot;}\" data-widget_type=\"heading.default\">\n\t\t\t\t<div class=\"elementor-widget-container\">\n\t\t\t<h2 class=\"elementor-heading-title elementor-size-default\">IDEE, KONZEPT, PLANUNG<\/h2>\t\t<\/div>\n\t\t\t\t<\/div>\n\t\t\t\t<div class=\"elementor-element elementor-element-69d809f elementor-widget elementor-widget-text-editor\" data-id=\"69d809f\" data-element_type=\"widget\" data-widget_type=\"text-editor.default\">\n\t\t\t\t<div class=\"elementor-widget-container\">\n\t\t\t\t\t\t\t<p><strong>Am Anfang steht immer ein Ziel<\/strong><br \/>Zum Beispiel, ein Produkt h\u00e4ufiger zu verkaufen oder die Bekanntheit eines Unternehmens zu steigern. Darauf folgt eine Strategie, die alle Bedingungen enth\u00e4lt, unter denen man dieses Ziel erreichen kann und will. Die eigenen M\u00f6glichkeiten und das zur Verf\u00fcgung stehende Budget spielen dabei eine wichtige Rolle. Und diese Strategie bestimmt die notwendigen Massnahmen.\u00a0<\/p><p>Einige Ziele und Strategien liegen auf der Hand und k\u00f6nnen in einem einfachen Gespr\u00e4ch gekl\u00e4rt werden. In anderen F\u00e4llen k\u00f6nnen mit einem abgestimmten Workshopkonzept die Zielstellung und die Strategie herausgearbeitet und formuliert werden, die optimal zu Ihrem Anliegen passt.<\/p>\t\t\t\t\t\t<\/div>\n\t\t\t\t<\/div>\n\t\t\t\t\t<\/div>\n\t\t<\/div>\n\t\t\t\t<div class=\"elementor-column elementor-col-50 elementor-top-column elementor-element elementor-element-4887a0c\" data-id=\"4887a0c\" data-element_type=\"column\">\n\t\t\t<div class=\"elementor-widget-wrap elementor-element-populated\">\n\t\t\t\t\t\t<div class=\"elementor-element elementor-element-1621066 elementor-invisible elementor-widget elementor-widget-image\" data-id=\"1621066\" data-element_type=\"widget\" data-settings=\"{&quot;_animation&quot;:&quot;fadeInRight&quot;}\" data-widget_type=\"image.default\">\n\t\t\t\t<div class=\"elementor-widget-container\">\n\t\t\t\t\t\t\t\t\t\t\t\t\t<img fetchpriority=\"high\" decoding=\"async\" width=\"710\" height=\"583\" src=\"https:\/\/www.medienbuero.li\/wp-content\/uploads\/2021\/03\/2.png\" class=\"elementor-animation-pop attachment-large size-large wp-image-2942\" alt=\"\" srcset=\"https:\/\/www.medienbuero.li\/wp-content\/uploads\/2021\/03\/2.png 1001w, https:\/\/www.medienbuero.li\/wp-content\/uploads\/2021\/03\/2-300x246.png 300w, https:\/\/www.medienbuero.li\/wp-content\/uploads\/2021\/03\/2-768x631.png 768w, https:\/\/www.medienbuero.li\/wp-content\/uploads\/2021\/03\/2-550x452.png 550w, https:\/\/www.medienbuero.li\/wp-content\/uploads\/2021\/03\/2-609x500.png 609w\" sizes=\"(max-width: 710px) 100vw, 710px\" \/>\t\t\t\t\t\t\t\t\t\t\t\t\t<\/div>\n\t\t\t\t<\/div>\n\t\t\t\t\t<\/div>\n\t\t<\/div>\n\t\t\t\t\t<\/div>\n\t\t<\/section>\n\t\t\t\t<section class=\"elementor-section elementor-top-section elementor-element elementor-element-924c114 elementor-section-content-middle elementor-section-boxed elementor-section-height-default elementor-section-height-default\" data-id=\"924c114\" data-element_type=\"section\">\n\t\t\t\t\t\t<div class=\"elementor-container elementor-column-gap-default\">\n\t\t\t\t\t<div class=\"elementor-column elementor-col-50 elementor-top-column elementor-element elementor-element-2429cdf\" data-id=\"2429cdf\" data-element_type=\"column\">\n\t\t\t<div class=\"elementor-widget-wrap elementor-element-populated\">\n\t\t\t\t\t\t<div class=\"elementor-element elementor-element-b2ea000 elementor-widget elementor-widget-image\" data-id=\"b2ea000\" data-element_type=\"widget\" data-settings=\"{&quot;_animation&quot;:&quot;none&quot;,&quot;motion_fx_motion_fx_scrolling&quot;:&quot;yes&quot;,&quot;motion_fx_translateY_effect&quot;:&quot;yes&quot;,&quot;motion_fx_translateY_speed&quot;:{&quot;unit&quot;:&quot;px&quot;,&quot;size&quot;:4,&quot;sizes&quot;:[]},&quot;motion_fx_translateY_affectedRange&quot;:{&quot;unit&quot;:&quot;%&quot;,&quot;size&quot;:&quot;&quot;,&quot;sizes&quot;:{&quot;start&quot;:0,&quot;end&quot;:100}},&quot;motion_fx_devices&quot;:[&quot;desktop&quot;,&quot;tablet&quot;,&quot;mobile&quot;]}\" data-widget_type=\"image.default\">\n\t\t\t\t<div class=\"elementor-widget-container\">\n\t\t\t\t\t\t\t\t\t\t\t\t\t<img decoding=\"async\" width=\"710\" height=\"618\" src=\"https:\/\/www.medienbuero.li\/wp-content\/uploads\/2021\/03\/3.png\" class=\"elementor-animation-pop attachment-large size-large wp-image-2943\" alt=\"\" srcset=\"https:\/\/www.medienbuero.li\/wp-content\/uploads\/2021\/03\/3.png 1002w, https:\/\/www.medienbuero.li\/wp-content\/uploads\/2021\/03\/3-300x261.png 300w, https:\/\/www.medienbuero.li\/wp-content\/uploads\/2021\/03\/3-768x668.png 768w, https:\/\/www.medienbuero.li\/wp-content\/uploads\/2021\/03\/3-550x479.png 550w, https:\/\/www.medienbuero.li\/wp-content\/uploads\/2021\/03\/3-575x500.png 575w\" sizes=\"(max-width: 710px) 100vw, 710px\" \/>\t\t\t\t\t\t\t\t\t\t\t\t\t<\/div>\n\t\t\t\t<\/div>\n\t\t\t\t\t<\/div>\n\t\t<\/div>\n\t\t\t\t<div class=\"elementor-column elementor-col-50 elementor-top-column elementor-element elementor-element-9986b21\" data-id=\"9986b21\" data-element_type=\"column\" data-settings=\"{&quot;animation&quot;:&quot;none&quot;}\">\n\t\t\t<div class=\"elementor-widget-wrap elementor-element-populated\">\n\t\t\t\t\t\t<div class=\"elementor-element elementor-element-a819630 elementor-widget elementor-widget-heading\" data-id=\"a819630\" data-element_type=\"widget\" data-widget_type=\"heading.default\">\n\t\t\t\t<div class=\"elementor-widget-container\">\n\t\t\t<h2 class=\"elementor-heading-title elementor-size-default\">DESIGN UND KREATION<\/h2>\t\t<\/div>\n\t\t\t\t<\/div>\n\t\t\t\t<div class=\"elementor-element elementor-element-5bf3aad elementor-widget elementor-widget-text-editor\" data-id=\"5bf3aad\" data-element_type=\"widget\" data-widget_type=\"text-editor.default\">\n\t\t\t\t<div class=\"elementor-widget-container\">\n\t\t\t\t\t\t\t<strong>Kreativit\u00e4t wird zur Kreation\n<\/strong><br>\nSie ben\u00f6tigen eine Brosch\u00fcre, einen Jahresbericht, einen Flyer, ein Plakat, ein Veranstaltungsprogramm oder gleich einen neuen Auftritt f\u00fcr das gesamte Unternehmen? Wir beraten Sie gerne, wie wir gemeinsam am besten zum Ziel kommen, kreieren Gestaltungsvorschl\u00e4ge und setzen alles bis zum Druck f\u00fcr Sie um.\t\t\t\t\t\t<\/div>\n\t\t\t\t<\/div>\n\t\t\t\t\t<\/div>\n\t\t<\/div>\n\t\t\t\t\t<\/div>\n\t\t<\/section>\n\t\t\t\t<section class=\"elementor-section elementor-top-section elementor-element elementor-element-1b87614 elementor-section-content-middle elementor-reverse-tablet elementor-reverse-mobile elementor-section-boxed elementor-section-height-default elementor-section-height-default\" data-id=\"1b87614\" data-element_type=\"section\">\n\t\t\t\t\t\t<div class=\"elementor-container elementor-column-gap-default\">\n\t\t\t\t\t<div class=\"elementor-column elementor-col-50 elementor-top-column elementor-element elementor-element-21e3cc2\" data-id=\"21e3cc2\" data-element_type=\"column\">\n\t\t\t<div class=\"elementor-widget-wrap elementor-element-populated\">\n\t\t\t\t\t\t<div class=\"elementor-element elementor-element-62ec38b elementor-widget elementor-widget-heading\" data-id=\"62ec38b\" data-element_type=\"widget\" data-widget_type=\"heading.default\">\n\t\t\t\t<div class=\"elementor-widget-container\">\n\t\t\t<h2 class=\"elementor-heading-title elementor-size-default\">WEBDESIGN \/ SCREENDESIGN\u200b<\/h2>\t\t<\/div>\n\t\t\t\t<\/div>\n\t\t\t\t<div class=\"elementor-element elementor-element-ce24071 elementor-widget elementor-widget-text-editor\" data-id=\"ce24071\" data-element_type=\"widget\" data-widget_type=\"text-editor.default\">\n\t\t\t\t<div class=\"elementor-widget-container\">\n\t\t\t\t\t\t\t<strong>Von der Idee \u00fcber Kreation bis hin zur Abwicklung, Evaluierung und Optimierung \u2013 alles aus einer Hand!\n<\/strong><br>\nGeben Sie sich nicht mit halben Sachen zufrieden. Eine Internetpr\u00e4senz vertritt ihren Betreiber in allen Belangen und hat eine Vielzahl von Aufgaben zu erf\u00fcllen. Musste sie fr\u00fcher lediglich vorhanden sein, so ist sie heute ein komplexes Gebilde aus Informationen, Unternehmensdarstellung und dem Kanal f\u00fcr den Besucher, idealerweise mit der direkten M\u00f6glichkeit zum Dialog.\t\t\t\t\t\t<\/div>\n\t\t\t\t<\/div>\n\t\t\t\t\t<\/div>\n\t\t<\/div>\n\t\t\t\t<div class=\"elementor-column elementor-col-50 elementor-top-column elementor-element elementor-element-c2984cd\" data-id=\"c2984cd\" data-element_type=\"column\">\n\t\t\t<div class=\"elementor-widget-wrap elementor-element-populated\">\n\t\t\t\t\t\t<div class=\"elementor-element elementor-element-8525991 elementor-widget elementor-widget-image\" data-id=\"8525991\" data-element_type=\"widget\" data-settings=\"{&quot;motion_fx_motion_fx_scrolling&quot;:&quot;yes&quot;,&quot;motion_fx_translateY_effect&quot;:&quot;yes&quot;,&quot;motion_fx_translateY_speed&quot;:{&quot;unit&quot;:&quot;px&quot;,&quot;size&quot;:4,&quot;sizes&quot;:[]},&quot;motion_fx_translateY_affectedRange&quot;:{&quot;unit&quot;:&quot;%&quot;,&quot;size&quot;:&quot;&quot;,&quot;sizes&quot;:{&quot;start&quot;:0,&quot;end&quot;:100}},&quot;motion_fx_devices&quot;:[&quot;desktop&quot;,&quot;tablet&quot;,&quot;mobile&quot;]}\" data-widget_type=\"image.default\">\n\t\t\t\t<div class=\"elementor-widget-container\">\n\t\t\t\t\t\t\t\t\t\t\t\t\t<img decoding=\"async\" width=\"710\" height=\"553\" src=\"https:\/\/www.medienbuero.li\/wp-content\/uploads\/2021\/03\/8.png\" class=\"elementor-animation-pop attachment-large size-large wp-image-2948\" alt=\"\" srcset=\"https:\/\/www.medienbuero.li\/wp-content\/uploads\/2021\/03\/8.png 1001w, https:\/\/www.medienbuero.li\/wp-content\/uploads\/2021\/03\/8-300x233.png 300w, https:\/\/www.medienbuero.li\/wp-content\/uploads\/2021\/03\/8-768x598.png 768w, https:\/\/www.medienbuero.li\/wp-content\/uploads\/2021\/03\/8-550x428.png 550w, https:\/\/www.medienbuero.li\/wp-content\/uploads\/2021\/03\/8-642x500.png 642w\" sizes=\"(max-width: 710px) 100vw, 710px\" \/>\t\t\t\t\t\t\t\t\t\t\t\t\t<\/div>\n\t\t\t\t<\/div>\n\t\t\t\t\t<\/div>\n\t\t<\/div>\n\t\t\t\t\t<\/div>\n\t\t<\/section>\n\t\t\t\t<section class=\"elementor-section elementor-top-section elementor-element elementor-element-1b9a20f elementor-section-content-middle elementor-section-boxed elementor-section-height-default elementor-section-height-default\" data-id=\"1b9a20f\" data-element_type=\"section\">\n\t\t\t\t\t\t<div class=\"elementor-container elementor-column-gap-default\">\n\t\t\t\t\t<div class=\"elementor-column elementor-col-50 elementor-top-column elementor-element elementor-element-f6f50c9\" data-id=\"f6f50c9\" data-element_type=\"column\">\n\t\t\t<div class=\"elementor-widget-wrap elementor-element-populated\">\n\t\t\t\t\t\t<div class=\"elementor-element elementor-element-a0e57c9 elementor-widget elementor-widget-image\" data-id=\"a0e57c9\" data-element_type=\"widget\" data-settings=\"{&quot;motion_fx_motion_fx_scrolling&quot;:&quot;yes&quot;,&quot;motion_fx_translateY_effect&quot;:&quot;yes&quot;,&quot;motion_fx_translateY_speed&quot;:{&quot;unit&quot;:&quot;px&quot;,&quot;size&quot;:4,&quot;sizes&quot;:[]},&quot;motion_fx_translateY_affectedRange&quot;:{&quot;unit&quot;:&quot;%&quot;,&quot;size&quot;:&quot;&quot;,&quot;sizes&quot;:{&quot;start&quot;:0,&quot;end&quot;:100}},&quot;motion_fx_devices&quot;:[&quot;desktop&quot;,&quot;tablet&quot;,&quot;mobile&quot;]}\" data-widget_type=\"image.default\">\n\t\t\t\t<div class=\"elementor-widget-container\">\n\t\t\t\t\t\t\t\t\t\t\t\t\t<img decoding=\"async\" width=\"710\" height=\"618\" src=\"https:\/\/www.medienbuero.li\/wp-content\/uploads\/2021\/03\/3.png\" class=\"elementor-animation-pop attachment-large size-large wp-image-2943\" alt=\"\" srcset=\"https:\/\/www.medienbuero.li\/wp-content\/uploads\/2021\/03\/3.png 1002w, https:\/\/www.medienbuero.li\/wp-content\/uploads\/2021\/03\/3-300x261.png 300w, https:\/\/www.medienbuero.li\/wp-content\/uploads\/2021\/03\/3-768x668.png 768w, https:\/\/www.medienbuero.li\/wp-content\/uploads\/2021\/03\/3-550x479.png 550w, https:\/\/www.medienbuero.li\/wp-content\/uploads\/2021\/03\/3-575x500.png 575w\" sizes=\"(max-width: 710px) 100vw, 710px\" \/>\t\t\t\t\t\t\t\t\t\t\t\t\t<\/div>\n\t\t\t\t<\/div>\n\t\t\t\t\t<\/div>\n\t\t<\/div>\n\t\t\t\t<div class=\"elementor-column elementor-col-50 elementor-top-column elementor-element elementor-element-917020f\" data-id=\"917020f\" data-element_type=\"column\">\n\t\t\t<div class=\"elementor-widget-wrap elementor-element-populated\">\n\t\t\t\t\t\t<div class=\"elementor-element elementor-element-f262c83 elementor-widget elementor-widget-heading\" data-id=\"f262c83\" data-element_type=\"widget\" data-widget_type=\"heading.default\">\n\t\t\t\t<div class=\"elementor-widget-container\">\n\t\t\t<h2 class=\"elementor-heading-title elementor-size-default\">MARKETING \/ INSERATESERVICE\u200b<\/h2>\t\t<\/div>\n\t\t\t\t<\/div>\n\t\t\t\t<div class=\"elementor-element elementor-element-9a3cdf3 elementor-widget elementor-widget-text-editor\" data-id=\"9a3cdf3\" data-element_type=\"widget\" data-widget_type=\"text-editor.default\">\n\t\t\t\t<div class=\"elementor-widget-container\">\n\t\t\t\t\t\t\t<strong>Der kosteng\u00fcnstigste Weg, neue Kunden zu erreichen.\n<\/strong><br>\nErfolgreich kommunizieren \u2013 aber wie? Das Medienbuero geht Marken, M\u00e4rkten und Zielgruppen auf den Grund. Wir verleihen Unternehmen und Institutionen ein klares Profil, definieren Medien und Massnahmen, die vom Briefing geradewegs zum Ziel f\u00fchren. Und wir \u00fcberpr\u00fcfen, wie gut Wunsch und Wirklichkeit \u00fcbereinstimmen.\t\t\t\t\t\t<\/div>\n\t\t\t\t<\/div>\n\t\t\t\t\t<\/div>\n\t\t<\/div>\n\t\t\t\t\t<\/div>\n\t\t<\/section>\n\t\t\t\t<section class=\"elementor-section elementor-top-section elementor-element elementor-element-770fe892 elementor-section-content-middle elementor-reverse-tablet elementor-reverse-mobile elementor-section-boxed elementor-section-height-default elementor-section-height-default\" data-id=\"770fe892\" data-element_type=\"section\">\n\t\t\t\t\t\t<div class=\"elementor-container elementor-column-gap-default\">\n\t\t\t\t\t<div class=\"elementor-column elementor-col-50 elementor-top-column elementor-element elementor-element-1abb091c\" data-id=\"1abb091c\" data-element_type=\"column\">\n\t\t\t<div class=\"elementor-widget-wrap elementor-element-populated\">\n\t\t\t\t\t\t<div class=\"elementor-element elementor-element-12a9671 elementor-widget elementor-widget-heading\" data-id=\"12a9671\" data-element_type=\"widget\" data-widget_type=\"heading.default\">\n\t\t\t\t<div class=\"elementor-widget-container\">\n\t\t\t<h2 class=\"elementor-heading-title elementor-size-default\">EVENTS \/ KOMMUNIKATION<\/h2>\t\t<\/div>\n\t\t\t\t<\/div>\n\t\t\t\t<div class=\"elementor-element elementor-element-b0119e elementor-widget elementor-widget-text-editor\" data-id=\"b0119e\" data-element_type=\"widget\" data-widget_type=\"text-editor.default\">\n\t\t\t\t<div class=\"elementor-widget-container\">\n\t\t\t\t\t\t\t<strong>Durch Glaubw\u00fcrdigkeit Gewinne schaffen\n<\/strong><br>\nSie suchen eine externe Medienstelle, die Ihr Unternehmen in der \u00d6ffentlichkeit vertritt? Sie planen die Einf\u00fchrung einer Markt- oder Produktneuheit? Sie haben eine Geschichte zu erz\u00e4hlen, welche die \u00d6ffentlichkeit interessiert? Wir ebnen Ihnen den Weg zu einer erfolgreichen \u00d6ffentlichkeits- und Medienarbeit.\t\t\t\t\t\t<\/div>\n\t\t\t\t<\/div>\n\t\t\t\t\t<\/div>\n\t\t<\/div>\n\t\t\t\t<div class=\"elementor-column elementor-col-50 elementor-top-column elementor-element elementor-element-754bef57\" data-id=\"754bef57\" data-element_type=\"column\">\n\t\t\t<div class=\"elementor-widget-wrap elementor-element-populated\">\n\t\t\t\t\t\t<div class=\"elementor-element elementor-element-76f52f22 elementor-widget elementor-widget-image\" data-id=\"76f52f22\" data-element_type=\"widget\" data-settings=\"{&quot;motion_fx_motion_fx_scrolling&quot;:&quot;yes&quot;,&quot;motion_fx_translateY_effect&quot;:&quot;yes&quot;,&quot;motion_fx_translateY_speed&quot;:{&quot;unit&quot;:&quot;px&quot;,&quot;size&quot;:4,&quot;sizes&quot;:[]},&quot;motion_fx_translateY_affectedRange&quot;:{&quot;unit&quot;:&quot;%&quot;,&quot;size&quot;:&quot;&quot;,&quot;sizes&quot;:{&quot;start&quot;:0,&quot;end&quot;:100}},&quot;motion_fx_devices&quot;:[&quot;desktop&quot;,&quot;tablet&quot;,&quot;mobile&quot;]}\" data-widget_type=\"image.default\">\n\t\t\t\t<div class=\"elementor-widget-container\">\n\t\t\t\t\t\t\t\t\t\t\t\t\t<img loading=\"lazy\" decoding=\"async\" width=\"710\" height=\"538\" src=\"https:\/\/www.medienbuero.li\/wp-content\/uploads\/2021\/03\/9.png\" class=\"elementor-animation-pop attachment-large size-large wp-image-2949\" alt=\"\" srcset=\"https:\/\/www.medienbuero.li\/wp-content\/uploads\/2021\/03\/9.png 1001w, https:\/\/www.medienbuero.li\/wp-content\/uploads\/2021\/03\/9-300x227.png 300w, https:\/\/www.medienbuero.li\/wp-content\/uploads\/2021\/03\/9-768x582.png 768w, https:\/\/www.medienbuero.li\/wp-content\/uploads\/2021\/03\/9-550x417.png 550w, https:\/\/www.medienbuero.li\/wp-content\/uploads\/2021\/03\/9-659x500.png 659w\" sizes=\"(max-width: 710px) 100vw, 710px\" \/>\t\t\t\t\t\t\t\t\t\t\t\t\t<\/div>\n\t\t\t\t<\/div>\n\t\t\t\t\t<\/div>\n\t\t<\/div>\n\t\t\t\t\t<\/div>\n\t\t<\/section>\n\t\t\t\t<section class=\"elementor-section elementor-top-section elementor-element elementor-element-8a35ad4 elementor-section-boxed elementor-section-height-default elementor-section-height-default\" data-id=\"8a35ad4\" data-element_type=\"section\">\n\t\t\t\t\t\t<div class=\"elementor-container elementor-column-gap-default\">\n\t\t\t\t\t<div class=\"elementor-column elementor-col-100 elementor-top-column elementor-element elementor-element-0ea7271\" data-id=\"0ea7271\" data-element_type=\"column\">\n\t\t\t<div class=\"elementor-widget-wrap elementor-element-populated\">\n\t\t\t\t\t\t<div class=\"elementor-element elementor-element-b2032e6 elementor-cta--skin-cover elementor-cta--sequenced-animation animated-fast elementor-animated-content elementor-bg-transform elementor-bg-transform-zoom-in elementor-widget elementor-widget-call-to-action\" data-id=\"b2032e6\" data-element_type=\"widget\" data-settings=\"{&quot;_animation&quot;:&quot;none&quot;}\" data-widget_type=\"call-to-action.default\">\n\t\t\t\t<div class=\"elementor-widget-container\">\n\t\t\t\t\t<div class=\"elementor-cta\">\n\t\t\t\t\t<div class=\"elementor-cta__bg-wrapper\">\n\t\t\t\t<div class=\"elementor-cta__bg elementor-bg\" style=\"background-image: url(https:\/\/www.medienbuero.li\/wp-content\/uploads\/2021\/03\/Seitenansicht-nahe-1024x819.jpg);\" role=\"img\" aria-label=\"Seitenansicht-nahe\"><\/div>\n\t\t\t\t<div class=\"elementor-cta__bg-overlay\"><\/div>\n\t\t\t<\/div>\n\t\t\t\t\t\t\t<div class=\"elementor-cta__content\">\n\t\t\t\t\t\t\t\t\t<div class=\"elementor-content-item elementor-cta__content-item elementor-icon-wrapper elementor-cta__icon elementor-view-default elementor-animated-item--grow\">\n\t\t\t\t\t\t<div class=\"elementor-icon\">\n\t\t\t\t\t\t\t<i aria-hidden=\"true\" class=\"fas fa-concierge-bell\"><\/i>\t\t\t\t\t\t<\/div>\n\t\t\t\t\t<\/div>\n\t\t\t\t\n\t\t\t\t\t\t\t\t\t<h2 class=\"elementor-cta__title elementor-cta__content-item elementor-content-item elementor-animated-item--grow\">\n\t\t\t\t\t\tFinden Sie Ihr Ziel, entwickeln Sie die Strategie und planen Sie die passenden Massnahmen mit unserer Hilfe.\t\t\t\t\t<\/h2>\n\t\t\t\t\n\t\t\t\t\n\t\t\t\t\t\t\t\t\t<div class=\"elementor-cta__button-wrapper elementor-cta__content-item elementor-content-item elementor-animated-item--grow\">\n\t\t\t\t\t<a class=\"elementor-cta__button elementor-button elementor-size-md\" href=\"https:\/\/www.medienbuero.li\/?page_id=124\">\n\t\t\t\t\t\tSprechen Sie uns an, wir beraten Sie ganz konkret.\t\t\t\t\t<\/a>\n\t\t\t\t\t<\/div>\n\t\t\t\t\t\t\t<\/div>\n\t\t\t\t\t\t<\/div>\n\t\t\t\t<\/div>\n\t\t\t\t<\/div>\n\t\t\t\t\t<\/div>\n\t\t<\/div>\n\t\t\t\t\t<\/div>\n\t\t<\/section>\n\t\t\t\t<\/div>\n\t\t","protected":false},"excerpt":{"rendered":"<p>Strategie, Beratung und Realisierung Digitale und analoge Kommunikation ist vielschichtig und schnelllebig. Marketing, Technologie und Design verschmelzen und lassen sich nicht l\u00e4nger isoliert voneinander betrachten. Daher bieten wir unseren Kunden als interdisziplin\u00e4res Team ein breites Leistungsportfolio. IDEE, KONZEPT, PLANUNG Am Anfang steht immer ein ZielZum Beispiel, ein Produkt h\u00e4ufiger zu verkaufen oder die Bekanntheit eines Unternehmens zu steigern. Darauf folgt eine Strategie, die alle Bedingungen&#8230; <\/p>\n<p class=\"more\"><a class=\"more-link\" href=\"https:\/\/www.medienbuero.li\/?page_id=117\">Read More<\/a><\/p>\n","protected":false},"author":1,"featured_media":0,"parent":0,"menu_order":0,"comment_status":"closed","ping_status":"closed","template":"elementor_header_footer","meta":{"footnotes":""},"_links":{"self":[{"href":"https:\/\/www.medienbuero.li\/index.php?rest_route=\/wp\/v2\/pages\/117"}],"collection":[{"href":"https:\/\/www.medienbuero.li\/index.php?rest_route=\/wp\/v2\/pages"}],"about":[{"href":"https:\/\/www.medienbuero.li\/index.php?rest_route=\/wp\/v2\/types\/page"}],"author":[{"embeddable":true,"href":"https:\/\/www.medienbuero.li\/index.php?rest_route=\/wp\/v2\/users\/1"}],"replies":[{"embeddable":true,"href":"https:\/\/www.medienbuero.li\/index.php?rest_route=%2Fwp%2Fv2%2Fcomments&post=117"}],"version-history":[{"count":114,"href":"https:\/\/www.medienbuero.li\/index.php?rest_route=\/wp\/v2\/pages\/117\/revisions"}],"predecessor-version":[{"id":4122,"href":"https:\/\/www.medienbuero.li\/index.php?rest_route=\/wp\/v2\/pages\/117\/revisions\/4122"}],"wp:attachment":[{"href":"https:\/\/www.medienbuero.li\/index.php?rest_route=%2Fwp%2Fv2%2Fmedia&parent=117"}],"curies":[{"name":"wp","href":"https:\/\/api.w.org\/{rel}","templated":true}]}}